{"id":205,"date":"2020-08-15T07:53:58","date_gmt":"2020-08-15T07:53:58","guid":{"rendered":"http:\/\/rainbowit.net\/themes\/trydo\/?page_id=205"},"modified":"2023-10-04T13:36:58","modified_gmt":"2023-10-04T13:36:58","slug":"contato","status":"publish","type":"page","link":"https:\/\/brasilpickupmecanica.com.br\/index.php\/contato\/","title":{"rendered":"Contato"},"content":{"rendered":"\t\t<div data-elementor-type=\"wp-page\" data-elementor-id=\"205\" class=\"elementor elementor-205\" data-elementor-settings=\"[]\">\n\t\t\t\t\t\t\t<div class=\"elementor-section-wrap\">\n\t\t\t\t\t\t\t<section class=\"elementor-section elementor-top-section elementor-element elementor-element-497d5ed elementor-section-full_width elementor-section-height-default elementor-section-height-default\" data-id=\"497d5ed\" data-element_type=\"section\">\n\t\t\t\t\t\t<div class=\"elementor-container elementor-column-gap-no\">\n\t\t\t\t\t<div class=\"elementor-column elementor-col-100 elementor-top-column elementor-element elementor-element-553d3d0\" data-id=\"553d3d0\" data-element_type=\"column\">\n\t\t\t<div class=\"elementor-widget-wrap elementor-element-populated\">\n\t\t\t\t\t\t\t\t<div class=\"elementor-element elementor-element-a9a2df6 contact-us-today elementor-widget elementor-widget-trydo-main-services\" data-id=\"a9a2df6\" data-element_type=\"widget\" data-widget_type=\"trydo-main-services.default\">\n\t\t\t\t<div class=\"elementor-widget-container\">\n\t\t\t        <!-- Start Service Area  -->\r\n        <div class=\"rn-service-area rn-section-gap bg_color--1 service-area--5\">\r\n            <div class=\"container\">\r\n                                    <div class=\"row\">\r\n                        <div class=\"col-lg-12 mb--20 mb_sm--0\">\r\n                            <div class=\"section-title section-title--2 text-center\">\r\n                                                        <h3 class=\"title rbt-section-title\"><span>Informa\u00e7\u00f5es<\/span><\/h3>                            <p>Nos contate como preferir, ficaremos felizes em lhe ajudar, pe\u00e7a seu or\u00e7amento ou tire alguma d\u00favida conosco, responderemos assim que poss\u00edvel.<\/p>\r\n                    \r\n                                                            <\/div>\r\n                        <\/div>\r\n                    <\/div>\r\n                                                    <div class=\"row \">\r\n                                                    <div class=\"service-item mt--30 col-lg-4 col-md-4 col-sm-6 col-12 elementor-repeater-item-ce062f3\">\r\n                                                                <div class=\"single-service service__style--5 bg-color-gray \">\r\n\r\n                                                                    <div class=\"service\">\r\n                                                                                                                                    <div class=\"icon\">\r\n                                                    <i aria-hidden=\"true\" class=\"rbt feather-phone-call\"><\/i>                                                <\/div>\r\n                                                                                                                                                                        <div class=\"content\">\r\n                                                                                                    <h3 class=\"title\">Telefones<\/h3>                                                                                                                                                    <p>Fone: (48) 3342-2376<br><a href=\"https:\/\/api.whatsapp.com\/send?phone=554833422376\">Whats:(48) 3342-2376<\/a><\/p>\r\n                                                                                            <\/div>\r\n                                                                            <\/div>\r\n                                                            <\/div>\r\n                            <\/div>\r\n                                                    <div class=\"service-item mt--30 col-lg-4 col-md-4 col-sm-6 col-12 elementor-repeater-item-eee58ae\">\r\n                                                                <div class=\"single-service service__style--5 bg-color-gray \">\r\n\r\n                                                                    <div class=\"service\">\r\n                                                                                                                                    <div class=\"icon\">\r\n                                                    <i aria-hidden=\"true\" class=\"rbt feather-mail\"><\/i>                                                <\/div>\r\n                                                                                                                                                                        <div class=\"content\">\r\n                                                                                                    <h3 class=\"title\">E-mail<\/h3>                                                                                                                                                    <p> <a href=\"mailto:contato@brasilpickupmecanica.com.br\">contato@brasilpickupmecanica.com.br<\/a>\n      <\/p>\r\n                                                                                            <\/div>\r\n                                                                            <\/div>\r\n                                                            <\/div>\r\n                            <\/div>\r\n                                                    <div class=\"service-item mt--30 col-lg-4 col-md-4 col-sm-6 col-12 elementor-repeater-item-de05278\">\r\n                                                                <div class=\"single-service service__style--5 bg-color-gray \">\r\n\r\n                                                                    <div class=\"service\">\r\n                                                                                                                                    <div class=\"icon\">\r\n                                                    <i aria-hidden=\"true\" class=\"rbt feather-map-pin\"><\/i>                                                <\/div>\r\n                                                                                                                                                                        <div class=\"content\">\r\n                                                                                                    <h3 class=\"title\">Localiza\u00e7\u00e3o<\/h3>                                                                                                                                                    <p>Rua Carlos Steimntz, 335 - Barra do Aririu - Palho\u00e7a - SC \/ CEP: 88134-409<\/p>\r\n                                                                                            <\/div>\r\n                                                                            <\/div>\r\n                                                            <\/div>\r\n                            <\/div>\r\n                                            <\/div>\r\n                            <\/div>\r\n        <\/div>\r\n        <!-- Start Service Area  -->\r\n        \t\t<\/div>\n\t\t\t\t<\/div>\n\t\t\t\t\t<\/div>\n\t\t<\/div>\n\t\t\t\t\t\t\t<\/div>\n\t\t<\/section>\n\t\t\t\t<section class=\"elementor-section elementor-top-section elementor-element elementor-element-89ef9cd elementor-section-full_width elementor-section-height-default elementor-section-height-default\" data-id=\"89ef9cd\" data-element_type=\"section\">\n\t\t\t\t\t\t<div class=\"elementor-container elementor-column-gap-no\">\n\t\t\t\t\t<div class=\"elementor-column elementor-col-100 elementor-top-column elementor-element elementor-element-e7ef0e7\" data-id=\"e7ef0e7\" data-element_type=\"column\">\n\t\t\t<div class=\"elementor-widget-wrap elementor-element-populated\">\n\t\t\t\t\t\t\t\t<div class=\"elementor-element elementor-element-810e6bd elementor-widget elementor-widget-trydo-contact\" data-id=\"810e6bd\" data-element_type=\"widget\" data-widget_type=\"trydo-contact.default\">\n\t\t\t\t<div class=\"elementor-widget-container\">\n\t\t\t        <!-- Start Contact Area  -->\r\n        <div class=\"rn-contact-area rn-section-gap bg_color--5\">\r\n            <div class=\"contact-form--1\">\r\n                <div class=\"container\">\r\n                    <div class=\"row row--35 align-items-start\">\r\n                        <div class=\"col-lg-6 order-2 order-lg-1\">\r\n                            <div class=\"section-title text-left mb--50 mb_sm--30 mb_md--30\">\r\n                                                        <h2 class=\"title rbt-section-title\"><span>Entre em Contato<\/span><\/h2>                            <p>Entre em contato conosco, tira sua d\u00favida ou pe\u00e7a um or\u00e7amento.<\/p>\r\n                                                <\/div>\r\n\r\n                            <!-- Start Contact Form -->\r\n                             <div class=\"form-wrapper\"> <div role=\"form\" class=\"wpcf7\" id=\"wpcf7-f212-o1\" lang=\"en-US\" dir=\"ltr\">\n<div class=\"screen-reader-response\"><p role=\"status\" aria-live=\"polite\" aria-atomic=\"true\"><\/p> <ul><\/ul><\/div>\n<form action=\"\/index.php\/wp-json\/wp\/v2\/pages\/205#wpcf7-f212-o1\" method=\"post\" class=\"wpcf7-form init\" novalidate=\"novalidate\" data-status=\"init\">\n<div style=\"display: none;\">\n<input type=\"hidden\" name=\"_wpcf7\" value=\"212\" \/>\n<input type=\"hidden\" name=\"_wpcf7_version\" value=\"5.4.1\" \/>\n<input type=\"hidden\" name=\"_wpcf7_locale\" value=\"en_US\" \/>\n<input type=\"hidden\" name=\"_wpcf7_unit_tag\" value=\"wpcf7-f212-o1\" \/>\n<input type=\"hidden\" name=\"_wpcf7_container_post\" value=\"0\" \/>\n<input type=\"hidden\" name=\"_wpcf7_posted_data_hash\" value=\"\" \/>\n<\/div>\n<label>\n<span class=\"wpcf7-form-control-wrap your-name\"><input type=\"text\" name=\"your-name\" value=\"\" size=\"40\" class=\"wpcf7-form-control wpcf7-text wpcf7-validates-as-required\" aria-required=\"true\" aria-invalid=\"false\" placeholder=\"Nome Completo *\" \/><\/span>\n<\/label>\n\n<label>\n<span class=\"wpcf7-form-control-wrap your-email\"><input type=\"email\" name=\"your-email\" value=\"\" size=\"40\" class=\"wpcf7-form-control wpcf7-text wpcf7-email wpcf7-validates-as-required wpcf7-validates-as-email\" aria-required=\"true\" aria-invalid=\"false\" placeholder=\"E-mail *\" \/><\/span>\n<\/label>\n\n<label>\n<span class=\"wpcf7-form-control-wrap your-subject\"><input type=\"text\" name=\"your-subject\" value=\"\" size=\"40\" class=\"wpcf7-form-control wpcf7-text\" aria-invalid=\"false\" placeholder=\"Assunto\" \/><\/span>\n<\/label>\n<label>\n<span class=\"wpcf7-form-control-wrap your-message\"><textarea name=\"your-message\" cols=\"40\" rows=\"10\" class=\"wpcf7-form-control wpcf7-textarea\" aria-invalid=\"false\" placeholder=\"Mensagem\"><\/textarea><\/span>\n<\/label>\n<button type=\"submit\" class=\"rn-button-style--2 btn_solid\"> <span>ENVIAR FORMUL\u00c1RIO<\/span> <\/button><div class=\"wpcf7-response-output\" aria-hidden=\"true\"><\/div><\/form><\/div> <\/div>                         <\/div>\r\n                        <div class=\"col-lg-6 order-1 order-lg-2\">\r\n                                                            <div class=\"thumbnail mb_md--40 mb_sm--40\">\r\n                                    <img loading=\"lazy\" decoding=\"async\" width=\"800\" height=\"845\" src=\"https:\/\/brasilpickupmecanica.com.br\/wp-content\/uploads\/2021\/06\/atendimento.jpg\" class=\"elementor-animation-disable-animation attachment-full size-full\" alt=\"\" srcset=\"https:\/\/brasilpickupmecanica.com.br\/wp-content\/uploads\/2021\/06\/atendimento.jpg 800w, https:\/\/brasilpickupmecanica.com.br\/wp-content\/uploads\/2021\/06\/atendimento-284x300.jpg 284w, https:\/\/brasilpickupmecanica.com.br\/wp-content\/uploads\/2021\/06\/atendimento-768x811.jpg 768w\" sizes=\"auto, (max-width: 800px) 100vw, 800px\" \/>                                <\/div>\r\n                                                    <\/div>\r\n                    <\/div>\r\n                <\/div>\r\n            <\/div>\r\n        <\/div>\r\n        <!-- End Contact Area  -->\r\n        \t\t<\/div>\n\t\t\t\t<\/div>\n\t\t\t\t\t<\/div>\n\t\t<\/div>\n\t\t\t\t\t\t\t<\/div>\n\t\t<\/section>\n\t\t\t\t\t\t<\/div>\n\t\t\t\t\t<\/div>\n\t\t","protected":false},"excerpt":{"rendered":"<p>Informa\u00e7\u00f5es Nos contate como preferir, ficaremos felizes em lhe ajudar, pe\u00e7a seu or\u00e7amento ou tire alguma d\u00favida conosco, responderemos assim que poss\u00edvel. Telefones Fone: (48) 3342-2376Whats:(48) 3342-2376 E-mail contato@brasilpickupmecanica.com.br Localiza\u00e7\u00e3o Rua Carlos Steimntz, 335 &#8211; Barra do Aririu &#8211; Palho\u00e7a &#8211; SC \/ CEP: 88134-409 Entre em Contato Entre em contato conosco, tira sua d\u00favida [&hellip;]<\/p>\n","protected":false},"author":1,"featured_media":0,"parent":0,"menu_order":0,"comment_status":"closed","ping_status":"closed","template":"elementor_header_footer","meta":{"footnotes":""},"class_list":["post-205","page","type-page","status-publish","hentry"],"_links":{"self":[{"href":"https:\/\/brasilpickupmecanica.com.br\/index.php\/wp-json\/wp\/v2\/pages\/205","targetHints":{"allow":["GET"]}}],"collection":[{"href":"https:\/\/brasilpickupmecanica.com.br\/index.php\/wp-json\/wp\/v2\/pages"}],"about":[{"href":"https:\/\/brasilpickupmecanica.com.br\/index.php\/wp-json\/wp\/v2\/types\/page"}],"author":[{"embeddable":true,"href":"https:\/\/brasilpickupmecanica.com.br\/index.php\/wp-json\/wp\/v2\/users\/1"}],"replies":[{"embeddable":true,"href":"https:\/\/brasilpickupmecanica.com.br\/index.php\/wp-json\/wp\/v2\/comments?post=205"}],"version-history":[{"count":20,"href":"https:\/\/brasilpickupmecanica.com.br\/index.php\/wp-json\/wp\/v2\/pages\/205\/revisions"}],"predecessor-version":[{"id":1770,"href":"https:\/\/brasilpickupmecanica.com.br\/index.php\/wp-json\/wp\/v2\/pages\/205\/revisions\/1770"}],"wp:attachment":[{"href":"https:\/\/brasilpickupmecanica.com.br\/index.php\/wp-json\/wp\/v2\/media?parent=205"}],"curies":[{"name":"wp","href":"https:\/\/api.w.org\/{rel}","templated":true}]}}